
{"id":9109,"date":"2022-01-26T15:30:32","date_gmt":"2022-01-26T14:30:32","guid":{"rendered":"https:\/\/cecile-delachaux.fr\/?post_type=product&#038;p=9109"},"modified":"2025-01-16T10:50:03","modified_gmt":"2025-01-16T09:50:03","slug":"sweat-enfant-broderie-date-fleurie-a-personnaliser","status":"publish","type":"product","link":"https:\/\/cecile-delachaux.fr\/index.php\/produit\/sweat-enfant-broderie-date-fleurie-a-personnaliser\/","title":{"rendered":"Sweat enfant broderie date fleurie &#8220;\u00e0 personnaliser\u201d"},"content":{"rendered":"<p>La broderie du sweat est enti\u00e8rement personnalisable.<\/p>\n<p><span class=\"\">Vous avez le choix entre les lettres ou les chiffres fleuris.<br \/>\nExemples :<br \/>\n\u2022 initiale fleurie<br \/>\n\u2022 ann\u00e9e fleurie<br \/>\n\u2022 date (12.05.14) fleurie<br \/>\n\u2022 petit mot fleuri<br \/>\n.<br \/>\nEnti\u00e8rement personnalisable :<br \/>\nVous choisissez l&#8217;initiale ou le chiffre fleuri, un mot, un pr\u00e9nom, un surnom, une date, des coordonn\u00e9es GPS&#8230;<br \/>\nCette broderie se d\u00e9cline dans une infinit\u00e9 de nuances !<\/span><\/p>\n<p>Tailles\u00a0 :<\/p>\n<ul class=\"details\">\n<li>3\/4 ans (104 cm)<\/li>\n<li>5\/6 ans (116 cm)<\/li>\n<li>7\/8 ans (128 cm)<\/li>\n<li>9\/11 ans (140 cm)<\/li>\n<li>12\/14 ans (164 cm)<\/li>\n<\/ul>\n<div class=\"column-right\">\n<p>Conseil taille : le sweat taille un peu grand. Entre deux tailles, privil\u00e9giez la taille du dessous. (exemples : un enfant de 10 ans qui s&#8217;habille habituellement en 12 ans prendra du 9\/11 ans, un enfant de 8 ans qui s&#8217;habille en 10 ans prendra du 7\/8 ans, un enfant de 6 ans qui s&#8217;habille en 8 ans prendra du 5\/6 ans,&#8230;)<\/p>\n<p>Composition : 80% coton peign\u00e9 \u00e0 fil de cha\u00eene continu (ring-spun) &#8211; 20% polyester \/ Tissu Oeko-Tex satndard 100 \/ Int\u00e9rieur gratt\u00e9 (tout doux)<\/p>\n<\/div>\n<p>Le d\u00e9lai de confection standard est de 30 jours. Lors de validation de votre panier, ce d\u00e9lai peut \u00eatre r\u00e9duit \u00e0 15 jours (avec un surco\u00fbt de 20%).<\/p>\n<p>Je reste \u00e0 votre disposition pour vous conseiller.<\/p>\n<p>N\u2019h\u00e9sitez pas \u00e0 me contacter directement si vous avez des questions.<\/p>\n<p>&nbsp;<\/p>\n","protected":false},"excerpt":{"rendered":"<div class=\"woocommerce-product-details__short-description\">\n<p>Le sweat est brod\u00e9 sur commande et est enti\u00e8rement personnalisable.<\/p>\n<\/div>\n","protected":false},"featured_media":9120,"template":"","meta":[],"product_brand":[],"product_cat":[235,236,256,257,15,105,109,34],"product_tag":[],"class_list":{"0":"post-9109","1":"product","2":"type-product","3":"status-publish","4":"has-post-thumbnail","6":"product_cat-collections","7":"product_cat-initiale","8":"product_cat-sweat","9":"product_cat-sweat-vetement-accessoires","10":"product_cat-tous-les-produits","11":"product_cat-occasions-speciales","12":"product_cat-naissance","13":"product_cat-vetement-accessoires","14":"product_shipping_class-colis","16":"first","17":"instock","18":"shipping-taxable","19":"purchasable","20":"product-type-variable"},"exclude_global_add_ons":true,"addons":[{"name":"Couleur","type":"multiple_choice","position":0,"required":false,"title_format":"heading","default":"","description_enable":false,"description":"","placeholder_enable":false,"placeholder":"","display":"images","restrictions_type":"any_text","adjust_price":false,"price":"","price_type":"flat_fee","restrictions":false,"min":"0","max":"0","options":[{"label":"Blanc","price":"","price_type":"flat_fee","image":9843,"visibility":true},{"label":"Ecru","price":"","price_type":"flat_fee","image":12247,"visibility":true},{"label":"Gris chin\u00e9","price":"","price_type":"flat_fee","image":9845,"visibility":true},{"label":"Bleu marine","price":"","price_type":"flat_fee","image":9844,"visibility":true}],"id":1695298024},{"name":"Options de broderie","type":"multiple_choice","position":1,"required":true,"title_format":"heading","default":"","description_enable":false,"description":"","placeholder_enable":false,"placeholder":"","display":"select","restrictions_type":"any_text","adjust_price":false,"price":"","price_type":"flat_fee","restrictions":false,"min":"0","max":"0","options":[{"label":"Initiale fleurie","price":"","price_type":"flat_fee","image":0,"visibility":true},{"label":"Initiale fleurie + suite du mot \u00e0 c\u00f4t\u00e9","price":"","price_type":"flat_fee","image":0,"visibility":true},{"label":"Initiale fleurie + mot dessous","price":"","price_type":"flat_fee","image":0,"visibility":true},{"label":"Mot\/Date fleuri","price":"10","price_type":"quantity_based","image":0,"visibility":true},{"label":"Mot fleuri\/Date + mot\/symbole\/date\/courte phrase dessous","price":"10","price_type":"quantity_based","image":0,"visibility":true}],"id":1695298030},{"name":"Choix de la broderie","type":"custom_text","position":2,"required":false,"title_format":"heading","default":"","description_enable":false,"description":"Pr\u00e9nom \/ Surnom \/ Mot \/ Phrase \/ Date \/ motif (cf. rubrique \"personnalisation\") :","placeholder_enable":false,"placeholder":"","display":"select","restrictions_type":"any_text","adjust_price":false,"price":"","price_type":"flat_fee","restrictions":false,"min":"0","max":"0","options":[],"id":1695298025},{"name":"Position de la broderie","type":"multiple_choice","position":3,"required":false,"title_format":"heading","default":"","description_enable":false,"description":"","placeholder_enable":false,"placeholder":"","display":"select","restrictions_type":"any_text","adjust_price":false,"price":"","price_type":"flat_fee","restrictions":false,"min":"0","max":"0","options":[{"label":"Poitrine (c\u00f4t\u00e9 coeur)","price":"","price_type":"flat_fee","image":0,"visibility":true},{"label":"Poitrine (milieu)","price":"","price_type":"flat_fee","image":0,"visibility":true},{"label":"Dos (cou)","price":"","price_type":"flat_fee","image":0,"visibility":true},{"label":"Dos (milieu)","price":"","price_type":"flat_fee","image":0,"visibility":true}],"id":1695298026},{"name":"Couleur des fils de broderie","type":"custom_text","position":4,"required":false,"title_format":"heading","default":"","description_enable":true,"description":"Indiquez les nuances de couleurs que vous souhaiteriez :","placeholder_enable":false,"placeholder":"","display":"select","restrictions_type":"any_text","adjust_price":false,"price":"","price_type":"flat_fee","restrictions":false,"min":"0","max":"0","options":[],"id":1695298027},{"name":"Broderie suppl\u00e9mentaire","type":"custom_text","position":5,"required":false,"title_format":"heading","default":"","description_enable":true,"description":"Broderie ajout\u00e9e sur une autre partie du sweat.","placeholder_enable":false,"placeholder":"","display":"select","restrictions_type":"any_text","adjust_price":true,"price":"10","price_type":"quantity_based","restrictions":false,"min":"0","max":"0","options":[],"id":1695298028},{"name":"Pr\u00e9cisions","type":"custom_textarea","position":6,"required":false,"title_format":"heading","default":"","description_enable":true,"description":"Si vous h\u00e9sitez et avez besoin de conseils, ou pour toute autre demande compl\u00e9mentaire, je vous invite \u00e0 noter votre demande ci-dessous ou \u00e0 me contacter avant votre commande.\r\nDans tous les cas, je vous contacterai pour d\u00e9finir ou finaliser les personnalisations.","placeholder_enable":false,"placeholder":"","display":"select","restrictions_type":"any_text","adjust_price":false,"price":"","price_type":"flat_fee","restrictions":false,"min":"0","max":"0","options":[],"id":1695298029}],"_links":{"self":[{"href":"https:\/\/cecile-delachaux.fr\/index.php\/wp-json\/wp\/v2\/product\/9109","targetHints":{"allow":["GET"]}}],"collection":[{"href":"https:\/\/cecile-delachaux.fr\/index.php\/wp-json\/wp\/v2\/product"}],"about":[{"href":"https:\/\/cecile-delachaux.fr\/index.php\/wp-json\/wp\/v2\/types\/product"}],"wp:featuredmedia":[{"embeddable":true,"href":"https:\/\/cecile-delachaux.fr\/index.php\/wp-json\/wp\/v2\/media\/9120"}],"wp:attachment":[{"href":"https:\/\/cecile-delachaux.fr\/index.php\/wp-json\/wp\/v2\/media?parent=9109"}],"wp:term":[{"taxonomy":"product_brand","embeddable":true,"href":"https:\/\/cecile-delachaux.fr\/index.php\/wp-json\/wp\/v2\/product_brand?post=9109"},{"taxonomy":"product_cat","embeddable":true,"href":"https:\/\/cecile-delachaux.fr\/index.php\/wp-json\/wp\/v2\/product_cat?post=9109"},{"taxonomy":"product_tag","embeddable":true,"href":"https:\/\/cecile-delachaux.fr\/index.php\/wp-json\/wp\/v2\/product_tag?post=9109"}],"curies":[{"name":"wp","href":"https:\/\/api.w.org\/{rel}","templated":true}]}}