
{"id":9245,"date":"2022-01-31T13:48:25","date_gmt":"2022-01-31T12:48:25","guid":{"rendered":"https:\/\/cecile-delachaux.fr\/?post_type=product&#038;p=9245"},"modified":"2024-12-10T14:37:30","modified_gmt":"2024-12-10T13:37:30","slug":"sac-pochon-couronne-fleurie-a-personnaliser","status":"publish","type":"product","link":"https:\/\/cecile-delachaux.fr\/index.php\/produit\/sac-pochon-couronne-fleurie-a-personnaliser\/","title":{"rendered":"Sac pochon couronne fleurie &#8220;\u00e0 personnaliser&#8221;"},"content":{"rendered":"<p>Le pochon est un joli sac \u00e0 cordelette en coton brod\u00e9 enti\u00e8rement personnalisable.<\/p>\n<p>C&#8217;est un emballage cadeau z\u00e9ro d\u00e9chets : No\u00ebl, anniversaire, f\u00eate, naissance, bapt\u00eame, mariage, plaisir d&#8217;offrir,&#8230;<\/p>\n<p>Le grand sac pochon (format XL) est id\u00e9al pour emballer plusieurs cadeaux.<\/p>\n<p>Pour de petits cadeaux ou un cadeau seul \u00e0 offrir vous pouvez opter pour les formats L, M ou S.<\/p>\n<p>Tailles :<\/p>\n<div class=\"column-right\">\n<ul class=\"details\">\n<li>S &#8211; Dimensions : 25 x 30 cm | Volume: 3 Litres<\/li>\n<li>M &#8211; Dimensions : 30 x 45 cm | Volume: 8 Litres<\/li>\n<li>L &#8211; Dimensions : 40 x 50 cm | Volume: 14 Litres<\/li>\n<li>XL &#8211; Dimensions : 49 x 75 cm | Volume: 38 Litres<\/li>\n<\/ul>\n<p>D\u00e9tails : 100% coton. Fermeture par lien en corde coulissant. <span class=\"bold\">140g\/m\u00b2<\/span><\/p>\n<\/div>\n<p>Le sac pochon est \u00e9cologique : Il est r\u00e9utilisable toute ann\u00e9e. Il peut servir de sac de rangement. C&#8217;est une belle alternative au papier cadeau comme le furoshiki qui est une solution d\u2019emballage plus \u00e9cologique.<\/p>\n<p><a href=\"https:\/\/cecile-delachaux.fr\/index.php\/personnalisation\/broderie\/broderie-sur-mesure\/\"><strong>Pr\u00e9cieux souvenirs <\/strong><\/a><em>(en option, 10 \u20ac)<\/em> :<\/p>\n<p>Un sac pochon brod\u00e9 avec les coups de crayons de vos enfants (dessins, mots manuscrits,\u2026) ou les empreintes (pied, main).<\/p>\n<p>Si plusieurs enfants participent \u00e0 la r\u00e9alisation :<\/p>\n<ul>\n<li>soit ils dessinent tous sur la m\u00eame feuille et vous m&#8217;envoyez une image,<\/li>\n<li>soit ils dessinent un &#8220;petit&#8221; dessin (par exemple un bonhomme ou un pr\u00e9nom&#8230;) chacun s\u00e9par\u00e9ment et vous m&#8217;envoyez toutes les images s\u00e9par\u00e9ment.<\/li>\n<\/ul>\n<p>Le d\u00e9lai de confection standard est de 15 jours. Lors de validation de votre panier, ce d\u00e9lai peut \u00eatre r\u00e9duit \u00e0 7 jours (avec un surco\u00fbt de 20%).<\/p>\n<p>Je reste \u00e0 votre disposition pour vous conseiller.<\/p>\n<p>N\u2019h\u00e9sitez pas \u00e0 me contacter directement si vous avez des questions.<\/p>\n<p>&nbsp;<\/p>\n","protected":false},"excerpt":{"rendered":"<div class=\"woocommerce-product-details__short-description\">\n<p>Le pochon est r\u00e9alis\u00e9 sur commande et est enti\u00e8rement personnalisable avec un motif de broderie au choix, phrase, mots, pr\u00e9nom(s),\u2026<\/p>\n<p>Choisissez les motifs de broderie dans l\u2019onglet \u00ab Personnalisation \u00bb et indiquez les r\u00e9f\u00e9rences dans les champs pr\u00e9vus ci-dessous :<\/p>\n<\/div>\n","protected":false},"featured_media":9235,"template":"","meta":[],"product_brand":[],"product_cat":[205,175,190,219,15,102,101,105,145,109,112],"product_tag":[],"class_list":{"0":"post-9245","1":"product","2":"type-product","3":"status-publish","4":"has-post-thumbnail","6":"product_cat-en-balade","7":"product_cat-pochon","8":"product_cat-pochon-ecole","9":"product_cat-pochon-pochette-et-trousse","10":"product_cat-tous-les-produits","11":"product_cat-rangements","12":"product_cat-ecole","13":"product_cat-occasions-speciales","14":"product_cat-noel","15":"product_cat-naissance","16":"product_cat-anniversaire","17":"product_shipping_class-lettre-suivie","19":"first","20":"instock","21":"shipping-taxable","22":"purchasable","23":"product-type-variable"},"exclude_global_add_ons":true,"addons":[{"name":"Choix du motif de broderie","type":"custom_textarea","position":0,"required":false,"title_format":"heading","default":"","description_enable":true,"description":"Vous pouvez choisir un motif de broderie (rubrique personnalisation) et\/ou un texte de votre choix :\r\n- phrase \/ mots (par exemple : \"Joyeux No\u00ebl...\", \"Joyeux anniversaire...\", \"Bienvenue...\", \"Pour...\", etc...)\r\n- pr\u00e9nom(s),\r\n- ...","placeholder_enable":false,"placeholder":"","display":"select","restrictions_type":"any_text","adjust_price":false,"price":"","price_type":"flat_fee","restrictions":false,"min":"0","max":"0","options":[],"id":1733841451},{"name":"Couleur des fils de broderie","type":"custom_text","position":1,"required":false,"title_format":"heading","default":"","description_enable":true,"description":"Vous pouvez aussi choisir les couleurs des fils et les renseigner ci-dessous :","placeholder_enable":false,"placeholder":"","display":"select","restrictions_type":"any_text","adjust_price":false,"price":"","price_type":"flat_fee","restrictions":false,"min":"0","max":"0","options":[],"id":1733841452},{"name":"Option \"Pr\u00e9cieux souvenirs\"","type":"checkbox","position":2,"required":false,"title_format":"heading","default":"","description_enable":true,"description":"Si vous souhaitez broder des dessins personnalis\u00e9s, empreintes ou mots manuscrits cochez cette option (<a href=\"\/index.php\/personnalisation\/broderie\/broderie-sur-mesure\/\" target=\"_blank\">plus de pr\u00e9cisions sur l'option pr\u00e9cieux souvenirs<\/a>).\r\n","placeholder_enable":false,"placeholder":"","display":"select","restrictions_type":"any_text","adjust_price":false,"price":"","price_type":"flat_fee","restrictions":false,"min":"0","max":"0","options":[{"label":"Pr\u00e9cieux souvenirs","price":"10","price_type":"quantity_based","image":0,"visibility":true}],"id":1733841453},{"name":"Pr\u00e9cisions","type":"custom_textarea","position":3,"required":false,"title_format":"heading","default":"","description_enable":true,"description":"Si vous h\u00e9sitez et avez besoin de conseils, ou pour toute autre demande compl\u00e9mentaire, je vous invite \u00e0 noter votre demande ci-dessous ou \u00e0 me contacter avant votre commande.\r\nDans tous les cas, je vous contacterai pour d\u00e9finir ou finaliser les personnalisations.","placeholder_enable":false,"placeholder":"","display":"select","restrictions_type":"any_text","adjust_price":false,"price":"","price_type":"flat_fee","restrictions":false,"min":"0","max":"0","options":[],"id":1733841454}],"_links":{"self":[{"href":"https:\/\/cecile-delachaux.fr\/index.php\/wp-json\/wp\/v2\/product\/9245","targetHints":{"allow":["GET"]}}],"collection":[{"href":"https:\/\/cecile-delachaux.fr\/index.php\/wp-json\/wp\/v2\/product"}],"about":[{"href":"https:\/\/cecile-delachaux.fr\/index.php\/wp-json\/wp\/v2\/types\/product"}],"wp:featuredmedia":[{"embeddable":true,"href":"https:\/\/cecile-delachaux.fr\/index.php\/wp-json\/wp\/v2\/media\/9235"}],"wp:attachment":[{"href":"https:\/\/cecile-delachaux.fr\/index.php\/wp-json\/wp\/v2\/media?parent=9245"}],"wp:term":[{"taxonomy":"product_brand","embeddable":true,"href":"https:\/\/cecile-delachaux.fr\/index.php\/wp-json\/wp\/v2\/product_brand?post=9245"},{"taxonomy":"product_cat","embeddable":true,"href":"https:\/\/cecile-delachaux.fr\/index.php\/wp-json\/wp\/v2\/product_cat?post=9245"},{"taxonomy":"product_tag","embeddable":true,"href":"https:\/\/cecile-delachaux.fr\/index.php\/wp-json\/wp\/v2\/product_tag?post=9245"}],"curies":[{"name":"wp","href":"https:\/\/api.w.org\/{rel}","templated":true}]}}