
{"id":9286,"date":"2022-02-03T16:05:23","date_gmt":"2022-02-03T15:05:23","guid":{"rendered":"https:\/\/cecile-delachaux.fr\/?post_type=product&#038;p=9286"},"modified":"2025-01-16T11:35:51","modified_gmt":"2025-01-16T10:35:51","slug":"ensemble-pyjama-bebe-blanc-initiale-fleurie-a-personnaliser","status":"publish","type":"product","link":"https:\/\/cecile-delachaux.fr\/index.php\/produit\/ensemble-pyjama-bebe-blanc-initiale-fleurie-a-personnaliser\/","title":{"rendered":"Ensemble pyjama b\u00e9b\u00e9 et lange \u201c\u00e0 personnaliser \u201d (broderie initiale fleurie)"},"content":{"rendered":"<p>La broderie du pyjama et du lange sont enti\u00e8rement personnalisables.<\/p>\n<p>Tailles et formes :<\/p>\n<div class=\"column-right\">\n<ul class=\"details\">\n<li>Taille naissance (avec pieds fermeture pressions au milieu devant)<\/li>\n<li>1 mois (avec pieds fermeture pressions au milieu devant)<\/li>\n<li>0-3 mois (avec pieds encolure am\u00e9ricaine)<\/li>\n<li>3-6 mois (avec\/sans pieds encolure am\u00e9ricaine)<\/li>\n<li>6-12 mois (avec\/sans pieds encolure am\u00e9ricaine)<\/li>\n<li>12-18 mois (sans pieds encolure am\u00e9ricaine)<\/li>\n<\/ul>\n<p>\u00c9quivalences tailles :<\/p>\n<ul class=\"details\">\n<li>Naissance (50cm)<\/li>\n<li>1 mois (54cm)<\/li>\n<li>3 mois (62cm)<\/li>\n<li>6 mois (68cm)<\/li>\n<li>12 mois (80cm)<\/li>\n<li>18 mois (86cm)<\/li>\n<\/ul>\n<p>Conseil taille : le pyjama taille naissance et 1 mois taille normalement. Les pyjamas \u00e0 partir du 3 mois taillent grand, choisissez une taille en dessous de la taille souhait\u00e9e.<\/p>\n<p>D\u00e9tails : 100% coton peign\u00e9 organique<\/p>\n<p>Grand lange (80&#215;80 cm) en double gaze de coton blanc certifi\u00e9 Oeko-tex Standard 100. Un lange unique qui pla\u00eet beaucoup en cadeau de naissance. Il est enti\u00e8rement personnalisable et unique. Vous choisissez le motif de broderie et les couleurs des fils. Le lange personnalis\u00e9 est un cadeau de naissance tr\u00e8s appr\u00e9ci\u00e9 des jeunes parents. Il est tr\u00e8s utile les premiers mois et deviendra peut-\u00eatre son doudou ! Il restera un joli souvenir du trousseau de naissance de b\u00e9b\u00e9.<\/p>\n<\/div>\n<p>Le d\u00e9lai de confection standard est de 30 jours. Lors de validation de votre panier, ce d\u00e9lai peut \u00eatre r\u00e9duit \u00e0 15 jours (avec un surco\u00fbt de 20%).<\/p>\n<p>Je reste \u00e0 votre disposition pour vous conseiller.<\/p>\n<p>N\u2019h\u00e9sitez pas \u00e0 me contacter directement si vous avez des questions.<\/p>\n<p>&nbsp;<\/p>\n","protected":false},"excerpt":{"rendered":"<div class=\"woocommerce-product-details__short-description\">\n<p>Le pyjama et le lange sont brod\u00e9s sur commande et sont enti\u00e8rement personnalisables.<\/p>\n<\/div>\n","protected":false},"featured_media":9292,"template":"","meta":[],"product_brand":[],"product_cat":[235,236,237,258,260,264,15,105,109,34,106],"product_tag":[],"class_list":{"0":"post-9286","1":"product","2":"type-product","3":"status-publish","4":"has-post-thumbnail","6":"product_cat-collections","7":"product_cat-initiale","8":"product_cat-lange-initiale","9":"product_cat-pyjama","10":"product_cat-pyjama-vetement-accessoires","11":"product_cat-pyjama-et-lange","12":"product_cat-tous-les-produits","13":"product_cat-occasions-speciales","14":"product_cat-naissance","15":"product_cat-vetement-accessoires","16":"product_cat-les-packs","17":"product_shipping_class-colis","19":"first","20":"instock","21":"shipping-taxable","22":"purchasable","23":"product-type-variable"},"exclude_global_add_ons":true,"addons":[{"name":"Choix de la broderie (pyjama)","type":"custom_text","position":0,"required":false,"title_format":"heading","default":"","description_enable":false,"description":"Pr\u00e9nom \/ Surnom \/ Mot \/ Phrase \/ Date \/ motif (cf. rubrique \"personnalisation\") :","placeholder_enable":false,"placeholder":"","display":"select","restrictions_type":"any_text","adjust_price":false,"price":"","price_type":"flat_fee","restrictions":false,"min":"0","max":"0","options":[],"id":1708648437},{"name":"Position de la broderie (pyjama)","type":"multiple_choice","position":1,"required":false,"title_format":"heading","default":"","description_enable":false,"description":"","placeholder_enable":false,"placeholder":"","display":"select","restrictions_type":"any_text","adjust_price":false,"price":"","price_type":"flat_fee","restrictions":false,"min":"0","max":"0","options":[{"label":"Poitrine (c\u00f4t\u00e9 coeur)","price":"","price_type":"flat_fee","image":0,"visibility":true},{"label":"Poitrine (milieu)","price":"","price_type":"flat_fee","image":0,"visibility":true},{"label":"Dos (cou)","price":"","price_type":"flat_fee","image":0,"visibility":true},{"label":"Dos (milieu)","price":"","price_type":"flat_fee","image":0,"visibility":true}],"id":1708648438},{"name":"Couleur des fils de broderie (pyjama)","type":"custom_text","position":2,"required":false,"title_format":"heading","default":"","description_enable":true,"description":"Indiquez les nuances de couleurs que vous souhaiteriez :","placeholder_enable":false,"placeholder":"","display":"select","restrictions_type":"any_text","adjust_price":false,"price":"","price_type":"flat_fee","restrictions":false,"min":"0","max":"0","options":[],"id":1708648439},{"name":"Broderie suppl\u00e9mentaire (pyjama)","type":"custom_text","position":3,"required":false,"title_format":"heading","default":"","description_enable":true,"description":"Broderie ajout\u00e9e sur une autre partie du body.","placeholder_enable":false,"placeholder":"","display":"select","restrictions_type":"any_text","adjust_price":true,"price":"10","price_type":"quantity_based","restrictions":false,"min":"0","max":"0","options":[],"id":1708648440},{"name":"Initiale (lange)","type":"custom_text","position":4,"required":false,"title_format":"heading","default":"","description_enable":false,"description":"","placeholder_enable":false,"placeholder":"","display":"select","restrictions_type":"any_text","adjust_price":false,"price":"","price_type":"flat_fee","restrictions":false,"min":"0","max":"0","options":[],"id":1708648441},{"name":"Pr\u00e9nom (lange)","type":"custom_text","position":5,"required":false,"title_format":"heading","default":"","description_enable":false,"description":"","placeholder_enable":false,"placeholder":"","display":"select","restrictions_type":"any_text","adjust_price":false,"price":"","price_type":"flat_fee","restrictions":false,"min":"0","max":"0","options":[],"id":1708648442},{"name":"Date (lange)","type":"custom_text","position":6,"required":false,"title_format":"heading","default":"","description_enable":false,"description":"","placeholder_enable":false,"placeholder":"","display":"select","restrictions_type":"any_text","adjust_price":false,"price":"","price_type":"flat_fee","restrictions":false,"min":"0","max":"0","options":[],"id":1708648443},{"name":"Couleur des fils (lange)","type":"custom_text","position":7,"required":false,"title_format":"heading","default":"","description_enable":true,"description":"Indiquez les nuances de couleurs que vous souhaiteriez ou indiquez mod\u00e8le (cf. langes collection \"initiale\") :","placeholder_enable":false,"placeholder":"","display":"select","restrictions_type":"any_text","adjust_price":false,"price":"","price_type":"flat_fee","restrictions":false,"min":"0","max":"0","options":[],"id":1708648444},{"name":"Broderie suppl\u00e9mentaire (lange)","type":"custom_text","position":8,"required":false,"title_format":"heading","default":"","description_enable":true,"description":"Broderie ajout\u00e9e dans le coin du lange oppos\u00e9 \u00e0 la broderie principale :\r\n\u2013 Coordonn\u00e9es GPS : brod\u00e9es dans un coin du lange (merci de me donner l\u2019adresse d\u00e9sir\u00e9e)\r\n\u2013 Message, initiales, mots, phrase,\u2026\r\n\u2013 Symbole, motif,\u2026","placeholder_enable":false,"placeholder":"","display":"select","restrictions_type":"any_text","adjust_price":true,"price":"10","price_type":"quantity_based","restrictions":false,"min":"0","max":"0","options":[],"id":1708648445},{"name":"Pr\u00e9cisions","type":"custom_textarea","position":9,"required":false,"title_format":"heading","default":"","description_enable":true,"description":"Si vous h\u00e9sitez et avez besoin de conseils, ou pour toute autre demande compl\u00e9mentaire, je vous invite \u00e0 noter votre demande ci-dessous ou \u00e0 me contacter avant votre commande.\r\nDans tous les cas, je vous contacterai pour d\u00e9finir ou finaliser les personnalisations.","placeholder_enable":false,"placeholder":"","display":"select","restrictions_type":"any_text","adjust_price":false,"price":"","price_type":"flat_fee","restrictions":false,"min":"0","max":"0","options":[],"id":1708648446}],"_links":{"self":[{"href":"https:\/\/cecile-delachaux.fr\/index.php\/wp-json\/wp\/v2\/product\/9286","targetHints":{"allow":["GET"]}}],"collection":[{"href":"https:\/\/cecile-delachaux.fr\/index.php\/wp-json\/wp\/v2\/product"}],"about":[{"href":"https:\/\/cecile-delachaux.fr\/index.php\/wp-json\/wp\/v2\/types\/product"}],"wp:featuredmedia":[{"embeddable":true,"href":"https:\/\/cecile-delachaux.fr\/index.php\/wp-json\/wp\/v2\/media\/9292"}],"wp:attachment":[{"href":"https:\/\/cecile-delachaux.fr\/index.php\/wp-json\/wp\/v2\/media?parent=9286"}],"wp:term":[{"taxonomy":"product_brand","embeddable":true,"href":"https:\/\/cecile-delachaux.fr\/index.php\/wp-json\/wp\/v2\/product_brand?post=9286"},{"taxonomy":"product_cat","embeddable":true,"href":"https:\/\/cecile-delachaux.fr\/index.php\/wp-json\/wp\/v2\/product_cat?post=9286"},{"taxonomy":"product_tag","embeddable":true,"href":"https:\/\/cecile-delachaux.fr\/index.php\/wp-json\/wp\/v2\/product_tag?post=9286"}],"curies":[{"name":"wp","href":"https:\/\/api.w.org\/{rel}","templated":true}]}}