
{"id":9303,"date":"2022-02-07T11:56:59","date_gmt":"2022-02-07T10:56:59","guid":{"rendered":"https:\/\/cecile-delachaux.fr\/?post_type=product&#038;p=9303"},"modified":"2025-01-13T00:28:51","modified_gmt":"2025-01-12T23:28:51","slug":"t-shirt-enfant-dessin-mots-enfant-a-personnaliser","status":"publish","type":"product","link":"https:\/\/cecile-delachaux.fr\/index.php\/produit\/t-shirt-enfant-dessin-mots-enfant-a-personnaliser\/","title":{"rendered":"T-shirt enfant DESSIN\/MOTS D&#8217;ENFANT \u201c\u00e0 personnaliser&#8221;"},"content":{"rendered":"<p><a href=\"https:\/\/cecile-delachaux.fr\/index.php\/personnalisation\/broderie\/broderie-sur-mesure\/\"><strong>Pr\u00e9cieux souvenirs\u00a0<\/strong><\/a> :<\/p>\n<p>La broderie du t-shirt est r\u00e9alis\u00e9e \u00e0 partir d&#8217;un dessin, de mots manuscrits, empreintes de mains&#8230;<\/p>\n<p>Tailles :<\/p>\n<div class=\"column-right\">\n<ul class=\"details\">\n<li>4 ans (104 cm)<\/li>\n<li>6 ans (116 cm)<\/li>\n<li>8 ans (128 cm)<\/li>\n<li>10 ans (140 cm)<\/li>\n<li>12 ans (152 cm)<\/li>\n<li>14 ans (164 cm)<\/li>\n<\/ul>\n<p>Conseil taille : le t-shirt taille grand. Entre deux tailles, privil\u00e9giez la taille du dessous.<\/p>\n<p>Composition : <span class=\"bold\">100% coton oeko-tex<\/span><\/p>\n<\/div>\n<p>Le d\u00e9lai de confection standard est de 30 jours. Lors de validation de votre panier, ce d\u00e9lai peut \u00eatre r\u00e9duit \u00e0 15 jours (avec un surco\u00fbt de 20%).<\/p>\n<p>Je reste \u00e0 votre disposition pour vous conseiller.<\/p>\n<p>N\u2019h\u00e9sitez pas \u00e0 me contacter directement si vous avez des questions.<\/p>\n<p>&nbsp;<\/p>\n","protected":false},"excerpt":{"rendered":"<div class=\"woocommerce-product-details__short-description\">\n<p>Le t-shirt est brod\u00e9 sur commande et est enti\u00e8rement personnalisable.<\/p>\n<\/div>\n","protected":false},"featured_media":11763,"template":"","meta":[],"product_brand":[],"product_cat":[235,261,263,259,244,15,101,105,112,34],"product_tag":[],"class_list":{"0":"post-9303","1":"product","2":"type-product","3":"status-publish","4":"has-post-thumbnail","6":"product_cat-collections","7":"product_cat-dessin-denfant","8":"product_cat-mots-manuscrits","9":"product_cat-precieux-souvenir","10":"product_cat-t-shirt-vetement-accessoires","11":"product_cat-tous-les-produits","12":"product_cat-ecole","13":"product_cat-occasions-speciales","14":"product_cat-anniversaire","15":"product_cat-vetement-accessoires","16":"product_shipping_class-lettre-suivie","18":"first","19":"instock","20":"shipping-taxable","21":"purchasable","22":"product-type-variable"},"exclude_global_add_ons":true,"addons":[{"name":"Couleur du t-shirt","type":"multiple_choice","position":0,"required":true,"title_format":"heading","default":"","description_enable":false,"description":"","placeholder_enable":false,"placeholder":"","display":"images","restrictions_type":"any_text","adjust_price":false,"price":"","price_type":"flat_fee","restrictions":false,"min":"0","max":"0","options":[{"label":"Blanc","price":"","price_type":"flat_fee","image":9390,"visibility":true},{"label":"Gris chin\u00e9 clair","price":"","price_type":"flat_fee","image":9392,"visibility":true},{"label":"Bleu marine","price":"","price_type":"flat_fee","image":9391,"visibility":true}],"id":1695229414},{"name":"Couleur des fils de broderie","type":"custom_text","position":1,"required":false,"title_format":"heading","default":"","description_enable":true,"description":"Pr\u00e9cisez si vous souhaitez les m\u00eames couleurs que votre fichier ou une couleur unique (retrouvez les couleurs possibles dans l'onglet \"personnalisation\") :","placeholder_enable":false,"placeholder":"","display":"select","restrictions_type":"any_text","adjust_price":false,"price":"","price_type":"flat_fee","restrictions":false,"min":"0","max":"0","options":[],"id":1695229415},{"name":"Position de la broderie","type":"multiple_choice","position":2,"required":false,"title_format":"heading","default":"","description_enable":false,"description":"","placeholder_enable":false,"placeholder":"","display":"select","restrictions_type":"any_text","adjust_price":false,"price":"","price_type":"flat_fee","restrictions":false,"min":"0","max":"0","options":[{"label":"Poitrine (c\u00f4t\u00e9 coeur)","price":"","price_type":"flat_fee","image":0,"visibility":true},{"label":"Poitrine (milieu)","price":"","price_type":"flat_fee","image":0,"visibility":true},{"label":"Dos (cou)","price":"","price_type":"flat_fee","image":0,"visibility":true},{"label":"Dos (milieu)","price":"","price_type":"flat_fee","image":0,"visibility":true}],"id":1695229416},{"name":"Broderie suppl\u00e9mentaire","type":"custom_text","position":3,"required":false,"title_format":"heading","default":"","description_enable":true,"description":"Broderie ajout\u00e9e au verso du t-shirt :\r\n- pr\u00e9nom, nom,...\r\n- Message, initiales, mots, phrase,...\r\n- Coordonn\u00e9es GPS (merci de me donner l'adresse d\u00e9sir\u00e9e)\r\n- Symbole, motif,...","placeholder_enable":false,"placeholder":"","display":"select","restrictions_type":"any_text","adjust_price":true,"price":"10","price_type":"quantity_based","restrictions":false,"min":"0","max":"0","options":[],"id":1695229417},{"name":"Pr\u00e9cisions","type":"custom_textarea","position":4,"required":false,"title_format":"heading","default":"","description_enable":true,"description":"Si vous h\u00e9sitez et avez besoin de conseils, ou pour toute autre demande compl\u00e9mentaire, je vous invite \u00e0 noter votre demande ci-dessous ou \u00e0 me contacter avant votre commande.\r\nDans tous les cas, je vous contacterai pour d\u00e9finir ou finaliser les personnalisations.","placeholder_enable":false,"placeholder":"","display":"select","restrictions_type":"any_text","adjust_price":false,"price":"","price_type":"flat_fee","restrictions":false,"min":"0","max":"0","options":[],"id":1695229418}],"_links":{"self":[{"href":"https:\/\/cecile-delachaux.fr\/index.php\/wp-json\/wp\/v2\/product\/9303","targetHints":{"allow":["GET"]}}],"collection":[{"href":"https:\/\/cecile-delachaux.fr\/index.php\/wp-json\/wp\/v2\/product"}],"about":[{"href":"https:\/\/cecile-delachaux.fr\/index.php\/wp-json\/wp\/v2\/types\/product"}],"wp:featuredmedia":[{"embeddable":true,"href":"https:\/\/cecile-delachaux.fr\/index.php\/wp-json\/wp\/v2\/media\/11763"}],"wp:attachment":[{"href":"https:\/\/cecile-delachaux.fr\/index.php\/wp-json\/wp\/v2\/media?parent=9303"}],"wp:term":[{"taxonomy":"product_brand","embeddable":true,"href":"https:\/\/cecile-delachaux.fr\/index.php\/wp-json\/wp\/v2\/product_brand?post=9303"},{"taxonomy":"product_cat","embeddable":true,"href":"https:\/\/cecile-delachaux.fr\/index.php\/wp-json\/wp\/v2\/product_cat?post=9303"},{"taxonomy":"product_tag","embeddable":true,"href":"https:\/\/cecile-delachaux.fr\/index.php\/wp-json\/wp\/v2\/product_tag?post=9303"}],"curies":[{"name":"wp","href":"https:\/\/api.w.org\/{rel}","templated":true}]}}