
{"id":9549,"date":"2022-03-03T11:12:26","date_gmt":"2022-03-03T10:12:26","guid":{"rendered":"https:\/\/cecile-delachaux.fr\/?post_type=product&#038;p=9549"},"modified":"2025-07-15T17:36:45","modified_gmt":"2025-07-15T15:36:45","slug":"lange-doudou-attache-tetine-double-gaze-broderie-initiale-fleurie-a-personnaliser","status":"publish","type":"product","link":"https:\/\/cecile-delachaux.fr\/index.php\/produit\/lange-doudou-attache-tetine-double-gaze-broderie-initiale-fleurie-a-personnaliser\/","title":{"rendered":"Lange doudou attache t\u00e9tine double gaze &#8220;\u00e0 personnaliser&#8221;"},"content":{"rendered":"<p>Lange doudou en double gaze de coton et tissu doudou certifi\u00e9s Oeko-tex Standard 100 ou GOTS.<\/p>\n<p>Un doudou unique qui pla\u00eet beaucoup en cadeau de naissance. Il est enti\u00e8rement personnalisable et unique. Vous choisissez le motif de broderie et couleurs de fils.<\/p>\n<p>Vous pouvez broder le pr\u00e9nom du b\u00e9b\u00e9 et pourquoi pas la date de naissance, taille, poids, heure, lieu,&#8230;<\/p>\n<p>Le d\u00e9lai de confection standard est de 30 jours. Lors de validation de votre panier, ce d\u00e9lai peut \u00eatre r\u00e9duit \u00e0 15 jours (avec un surco\u00fbt de 20%).<\/p>\n<p>Je reste \u00e0 votre disposition pour vous conseiller.<\/p>\n<p>N\u2019h\u00e9sitez pas \u00e0 me contacter directement si vous avez des questions.<\/p>\n","protected":false},"excerpt":{"rendered":"<p>Il est r\u00e9alis\u00e9 sur commande et est enti\u00e8rement personnalisable.<\/p>\n<p>Choisissez le tissu et motif de broderie dans l\u2019onglet \u00ab Personnalisation \u00bb et indiquez leurs r\u00e9f\u00e9rences dans les champs pr\u00e9vus ci-dessous :<\/p>\n","protected":false},"featured_media":9550,"template":"","meta":[],"product_brand":[],"product_cat":[235,205,236,237,218,155,15,36,105,109,107],"product_tag":[26,27],"class_list":{"0":"post-9549","1":"product","2":"type-product","3":"status-publish","4":"has-post-thumbnail","6":"product_cat-collections","7":"product_cat-en-balade","8":"product_cat-initiale","9":"product_cat-lange-initiale","10":"product_cat-lange-en-balade","11":"product_cat-lange","12":"product_cat-tous-les-produits","13":"product_cat-repas","14":"product_cat-occasions-speciales","15":"product_cat-naissance","16":"product_cat-bapteme","17":"product_tag-accessoire","18":"product_tag-univers-bebe","19":"product_shipping_class-lettre-suivie","21":"first","22":"instock","23":"shipping-taxable","24":"purchasable","25":"product-type-variable"},"exclude_global_add_ons":true,"addons":[{"name":"Choix du tissu","type":"custom_text","position":0,"required":false,"title_format":"heading","default":"","description_enable":true,"description":"Choisissez un tissu double gaze dans l'onglet \"personnalisation\" et indiquez la couleur ici :","placeholder_enable":false,"placeholder":"","display":"select","restrictions_type":"any_text","adjust_price":false,"price":"","price_type":"flat_fee","restrictions":false,"min":"0","max":"0","options":[],"id":1694733048},{"name":"Choix de la broderie","type":"custom_text","position":1,"required":false,"title_format":"heading","default":"","description_enable":false,"description":"","placeholder_enable":false,"placeholder":"","display":"select","restrictions_type":"any_text","adjust_price":false,"price":"","price_type":"flat_fee","restrictions":false,"min":"0","max":"0","options":[],"id":1694733049},{"name":"Initiale","type":"custom_text","position":2,"required":false,"title_format":"heading","default":"","description_enable":false,"description":"Vous pouvez choisir un motif de broderie et\/ou un texte de votre choix (pr\u00e9nom, date, coordonn\u00e9es gps, mensurations naissance\u2026) ainsi que les couleurs des fils et les renseigner ci-dessous :","placeholder_enable":false,"placeholder":"","display":"select","restrictions_type":"any_text","adjust_price":false,"price":"","price_type":"flat_fee","restrictions":false,"min":"0","max":"0","options":[],"id":1694733050},{"name":"Pr\u00e9nom","type":"custom_text","position":3,"required":false,"title_format":"heading","default":"","description_enable":false,"description":"","placeholder_enable":false,"placeholder":"","display":"select","restrictions_type":"any_text","adjust_price":false,"price":"","price_type":"flat_fee","restrictions":false,"min":"0","max":"0","options":[],"id":1694733051},{"name":"Date","type":"custom_text","position":4,"required":false,"title_format":"heading","default":"","description_enable":false,"description":"","placeholder_enable":false,"placeholder":"","display":"select","restrictions_type":"any_text","adjust_price":false,"price":"","price_type":"flat_fee","restrictions":false,"min":"0","max":"0","options":[],"id":1694733052},{"name":"Police d'\u00e9criture","type":"custom_text","position":5,"required":false,"title_format":"heading","default":"","description_enable":false,"description":"","placeholder_enable":false,"placeholder":"","display":"select","restrictions_type":"any_text","adjust_price":false,"price":"","price_type":"flat_fee","restrictions":false,"min":"0","max":"0","options":[],"id":1694733053},{"name":"Couleur des fils","type":"custom_text","position":6,"required":false,"title_format":"heading","default":"","description_enable":true,"description":"Indiquez les nuances de couleurs que vous souhaiteriez (cf. onglet \"Personnalisation\") ou indiquez mod\u00e8le \"Eloi\" ou \"Jeanne\" si vous souhaitez les m\u00eames nuances (cf. photos ci-contre) :","placeholder_enable":false,"placeholder":"","display":"select","restrictions_type":"any_text","adjust_price":false,"price":"","price_type":"flat_fee","restrictions":false,"min":"0","max":"0","options":[],"id":1694733054},{"name":"Emplacement de la broderie","type":"multiple_choice","position":7,"required":false,"title_format":"heading","default":"","description_enable":false,"description":"","placeholder_enable":false,"placeholder":"","display":"select","restrictions_type":"any_text","adjust_price":false,"price":"","price_type":"flat_fee","restrictions":false,"min":"0","max":"0","options":[{"label":"Centre","price":"","price_type":"flat_fee","image":0,"visibility":true},{"label":"Coin","price":"","price_type":"flat_fee","image":0,"visibility":true},{"label":"C\u00f4t\u00e9","price":"","price_type":"flat_fee","image":0,"visibility":true}],"id":1694733055},{"name":"Broderie suppl\u00e9mentaire","type":"custom_text","position":8,"required":false,"title_format":"heading","default":"","description_enable":true,"description":"Broderie ajout\u00e9e dans le coin du lange oppos\u00e9 \u00e0 la broderie principale :\r\n- Coordonn\u00e9es GPS : brod\u00e9es dans un coin du lange (merci de me donner l'adresse d\u00e9sir\u00e9e)\r\n- Message, initiales, mots, phrase,...\r\n- Symbole, motif,...","placeholder_enable":false,"placeholder":"","display":"select","restrictions_type":"any_text","adjust_price":true,"price":"5","price_type":"quantity_based","restrictions":false,"min":"0","max":"0","options":[],"id":1694733056},{"name":"Attache sucette","type":"checkbox","position":9,"required":false,"title_format":"heading","default":"","description_enable":true,"description":"Souhaitez-vous ajouter une attache sucette dans un coin?","placeholder_enable":false,"placeholder":"","display":"select","restrictions_type":"any_text","adjust_price":false,"price":"","price_type":"flat_fee","restrictions":false,"min":"0","max":"0","options":[{"label":"Oui","price":"","price_type":"flat_fee","image":0,"visibility":true}],"id":1694733057},{"name":"Autres pr\u00e9cisions","type":"custom_textarea","position":10,"required":false,"title_format":"heading","default":"","description_enable":true,"description":"Si vous n\u2019avez pas pu renseigner toutes les options, si vous h\u00e9sitez et avez besoin de conseils, si vous recherchez un tissu ou un motif de broderie qui ne figurent pas dans l\u2019onglet personnalisation, ou pour toute autre demande compl\u00e9mentaire, je vous invite \u00e0 noter votre demande ci-dessous.\r\nDans tous les cas, je vous contacterai pour d\u00e9finir ou finaliser les personnalisations.","placeholder_enable":false,"placeholder":"","display":"select","restrictions_type":"any_text","adjust_price":false,"price":"","price_type":"flat_fee","restrictions":false,"min":"0","max":"0","options":[],"id":1694733058}],"_links":{"self":[{"href":"https:\/\/cecile-delachaux.fr\/index.php\/wp-json\/wp\/v2\/product\/9549","targetHints":{"allow":["GET"]}}],"collection":[{"href":"https:\/\/cecile-delachaux.fr\/index.php\/wp-json\/wp\/v2\/product"}],"about":[{"href":"https:\/\/cecile-delachaux.fr\/index.php\/wp-json\/wp\/v2\/types\/product"}],"wp:featuredmedia":[{"embeddable":true,"href":"https:\/\/cecile-delachaux.fr\/index.php\/wp-json\/wp\/v2\/media\/9550"}],"wp:attachment":[{"href":"https:\/\/cecile-delachaux.fr\/index.php\/wp-json\/wp\/v2\/media?parent=9549"}],"wp:term":[{"taxonomy":"product_brand","embeddable":true,"href":"https:\/\/cecile-delachaux.fr\/index.php\/wp-json\/wp\/v2\/product_brand?post=9549"},{"taxonomy":"product_cat","embeddable":true,"href":"https:\/\/cecile-delachaux.fr\/index.php\/wp-json\/wp\/v2\/product_cat?post=9549"},{"taxonomy":"product_tag","embeddable":true,"href":"https:\/\/cecile-delachaux.fr\/index.php\/wp-json\/wp\/v2\/product_tag?post=9549"}],"curies":[{"name":"wp","href":"https:\/\/api.w.org\/{rel}","templated":true}]}}