
{"id":9581,"date":"2022-03-06T17:10:42","date_gmt":"2022-03-06T16:10:42","guid":{"rendered":"https:\/\/cecile-delachaux.fr\/?post_type=product&#038;p=9581"},"modified":"2025-07-11T14:45:40","modified_gmt":"2025-07-11T12:45:40","slug":"sac-a-dos-creche-broderie-initiale-fleurie","status":"publish","type":"product","link":"https:\/\/cecile-delachaux.fr\/index.php\/produit\/sac-a-dos-creche-broderie-initiale-fleurie\/","title":{"rendered":"Sac \u00e0 dos cr\u00e8che broderie initiale fleurie"},"content":{"rendered":"<p>Sac \u00e0 dos en forme de pochon id\u00e9al pour la cr\u00e8che ou l&#8217;\u00e9cole maternelle.<\/p>\n<p>Ce sac est enti\u00e8rement doubl\u00e9 et molletonn\u00e9 pour une belle tenue et de jolies finitions.<\/p>\n<p>Le d\u00e9lai de confection standard est de 30 jours. Lors de validation de votre panier, ce d\u00e9lai peut \u00eatre r\u00e9duit \u00e0 15 jours (avec un surco\u00fbt de 20%).<\/p>\n<p>Je reste \u00e0 votre disposition pour vous conseiller.<\/p>\n<p>N\u2019h\u00e9sitez pas \u00e0 me contacter directement si vous avez des questions.<\/p>\n","protected":false},"excerpt":{"rendered":"<div class=\"woocommerce-product-details__short-description\">\n<p>Le sac cr\u00e8che est r\u00e9alis\u00e9 sur commande et est enti\u00e8rement personnalisable.<\/p>\n<p>Choisissez les tissus et motifs de broderie dans l\u2019onglet \u00ab Personnalisation \u00bb et indiquez leurs r\u00e9f\u00e9rences dans les champs pr\u00e9vus ci-dessous<\/p>\n<\/div>\n","protected":false},"featured_media":9579,"template":"","meta":[],"product_brand":[],"product_cat":[235,236,267,174,15,101],"product_tag":[],"class_list":{"0":"post-9581","1":"product","2":"type-product","3":"status-publish","4":"has-post-thumbnail","6":"product_cat-collections","7":"product_cat-initiale","8":"product_cat-sac-a-dos-initiale","9":"product_cat-sac-a-dos","10":"product_cat-tous-les-produits","11":"product_cat-ecole","12":"product_shipping_class-colis","14":"first","15":"instock","16":"shipping-taxable","17":"purchasable","18":"product-type-simple"},"exclude_global_add_ons":true,"addons":[{"name":"Choix du tissu ext\u00e9rieur","type":"custom_text","position":0,"required":false,"title_format":"heading","default":"","description_enable":true,"description":"Choisissez un tissu uni : indiquez la couleur que vous souhaitez et la mati\u00e8re (matelass\u00e9, double gaze,\u2026) :","placeholder_enable":false,"placeholder":"","display":"select","restrictions_type":"any_text","adjust_price":false,"price":"","price_type":"flat_fee","restrictions":false,"min":"0","max":"0","options":[],"id":1733841581},{"name":"Choix du tissu int\u00e9rieur","type":"custom_text","position":1,"required":false,"title_format":"heading","default":"","description_enable":true,"description":"Choisissez un tissu \u00e0 motifs en coton.","placeholder_enable":false,"placeholder":"","display":"select","restrictions_type":"any_text","adjust_price":false,"price":"","price_type":"flat_fee","restrictions":false,"min":"0","max":"0","options":[],"id":1733841582},{"name":"Option passepoil au bord","type":"checkbox","position":2,"required":false,"title_format":"heading","default":"","description_enable":true,"description":"Si vous souhaitez ajouter un liser\u00e9 autour du sac comme sur la photo, cochez :","placeholder_enable":false,"placeholder":"","display":"select","restrictions_type":"any_text","adjust_price":false,"price":"","price_type":"flat_fee","restrictions":false,"min":"0","max":"0","options":[{"label":"oui","price":"3","price_type":"quantity_based","image":0,"visibility":true}],"id":1733841583},{"name":"Couleur du passepoil","type":"custom_text","position":3,"required":false,"title_format":"heading","default":"","description_enable":false,"description":"","placeholder_enable":false,"placeholder":"","display":"select","restrictions_type":"any_text","adjust_price":false,"price":"","price_type":"flat_fee","restrictions":false,"min":"0","max":"0","options":[],"id":1733841584},{"name":"Initiale fleurie","type":"custom_text","position":4,"required":false,"title_format":"heading","default":"","description_enable":false,"description":"Vous pouvez choisir un motif de broderie et\/ou un texte de votre choix (pr\u00e9nom, initiales, date\u2026) en indiquant la police souhait\u00e9e et couleurs des fils, et les renseigner ci-dessous :","placeholder_enable":false,"placeholder":"","display":"select","restrictions_type":"any_text","adjust_price":false,"price":"","price_type":"flat_fee","restrictions":false,"min":"0","max":"0","options":[],"id":1733841585},{"name":"Pr\u00e9nom \/ mot","type":"custom_text","position":5,"required":false,"title_format":"heading","default":"","description_enable":false,"description":"","placeholder_enable":false,"placeholder":"","display":"select","restrictions_type":"any_text","adjust_price":false,"price":"","price_type":"flat_fee","restrictions":false,"min":"0","max":"0","options":[],"id":1733841586},{"name":"Police d'\u00e9criture","type":"custom_text","position":6,"required":false,"title_format":"heading","default":"","description_enable":false,"description":"","placeholder_enable":false,"placeholder":"","display":"select","restrictions_type":"any_text","adjust_price":false,"price":"","price_type":"flat_fee","restrictions":false,"min":"0","max":"0","options":[],"id":1733841587},{"name":"Couleur des fils de broderie","type":"custom_text","position":7,"required":false,"title_format":"heading","default":"","description_enable":false,"description":"","placeholder_enable":false,"placeholder":"","display":"select","restrictions_type":"any_text","adjust_price":false,"price":"","price_type":"flat_fee","restrictions":false,"min":"0","max":"0","options":[],"id":1733841588},{"name":"Autres pr\u00e9cisions","type":"custom_textarea","position":8,"required":false,"title_format":"heading","default":"","description_enable":true,"description":"Si vous n\u2019avez pas pu renseigner toutes les options, si vous h\u00e9sitez et avez besoin de conseils, si vous recherchez un tissu ou un motif de broderie qui ne figurent pas dans l\u2019onglet personnalisation, ou pour toute autre demande compl\u00e9mentaire, je vous invite \u00e0 noter votre demande ci-dessous.\r\nDans tous les cas, je vous contacterai pour d\u00e9finir ou finaliser les personnalisations.","placeholder_enable":false,"placeholder":"","display":"select","restrictions_type":"any_text","adjust_price":false,"price":"","price_type":"flat_fee","restrictions":false,"min":"0","max":"0","options":[],"id":1733841589}],"_links":{"self":[{"href":"https:\/\/cecile-delachaux.fr\/index.php\/wp-json\/wp\/v2\/product\/9581","targetHints":{"allow":["GET"]}}],"collection":[{"href":"https:\/\/cecile-delachaux.fr\/index.php\/wp-json\/wp\/v2\/product"}],"about":[{"href":"https:\/\/cecile-delachaux.fr\/index.php\/wp-json\/wp\/v2\/types\/product"}],"wp:featuredmedia":[{"embeddable":true,"href":"https:\/\/cecile-delachaux.fr\/index.php\/wp-json\/wp\/v2\/media\/9579"}],"wp:attachment":[{"href":"https:\/\/cecile-delachaux.fr\/index.php\/wp-json\/wp\/v2\/media?parent=9581"}],"wp:term":[{"taxonomy":"product_brand","embeddable":true,"href":"https:\/\/cecile-delachaux.fr\/index.php\/wp-json\/wp\/v2\/product_brand?post=9581"},{"taxonomy":"product_cat","embeddable":true,"href":"https:\/\/cecile-delachaux.fr\/index.php\/wp-json\/wp\/v2\/product_cat?post=9581"},{"taxonomy":"product_tag","embeddable":true,"href":"https:\/\/cecile-delachaux.fr\/index.php\/wp-json\/wp\/v2\/product_tag?post=9581"}],"curies":[{"name":"wp","href":"https:\/\/api.w.org\/{rel}","templated":true}]}}