
{"id":9684,"date":"2022-03-13T15:36:11","date_gmt":"2022-03-13T14:36:11","guid":{"rendered":"https:\/\/cecile-delachaux.fr\/?post_type=product&#038;p=9684"},"modified":"2025-01-17T18:30:12","modified_gmt":"2025-01-17T17:30:12","slug":"couverture-gaufree","status":"publish","type":"product","link":"https:\/\/cecile-delachaux.fr\/index.php\/produit\/couverture-gaufree\/","title":{"rendered":"Couverture gaufr\u00e9e"},"content":{"rendered":"<p>Le tissu au recto de la couverture est en nid d&#8217;abeille XL 100% coton labellis\u00e9 Oeko-Tex.<\/p>\n<p>Elle peut \u00eatre r\u00e9alis\u00e9e pour l&#8217;hiver ou l&#8217;\u00e9t\u00e9 en fonction du choix de la doublure : nid d&#8217;abeille (idem recto), double gaze, tissu doudou&#8230;<\/p>\n<p>(Tous ces tissus sont certifi\u00e9s Oeko-Tex.)<\/p>\n<p>Elle est propos\u00e9e en plusieurs tailles (carr\u00e9 ou rectangulaire) :<\/p>\n<ul>\n<li>60 x 80 cm<\/li>\n<li>70 x 100 cm<\/li>\n<li>80 x 80 cm<\/li>\n<li>80 x 120 cm<\/li>\n<li>90 x 140 cm<\/li>\n<li>100 x 100 cm<\/li>\n<li>100 x 160 cm<\/li>\n<li>120 x 120cm<\/li>\n<li>120 x 180 cm<\/li>\n<li>130 x 200 cm<\/li>\n<li>Autres dimensions (sur demande)<\/li>\n<\/ul>\n<p>Le d\u00e9lai de confection standard est de 30 jours. Ce d\u00e9lai peut \u00eatre r\u00e9duit \u00e0 15 jours (avec un surco\u00fbt de 20%).<\/p>\n<p>Je reste \u00e0 votre disposition pour vous conseiller.<\/p>\n<p>N\u2019h\u00e9sitez pas \u00e0 <a href=\"mailto:contact@cecile-delachaux.fr\">me contacter<\/a> si vous avez des questions.<\/p>\n","protected":false},"excerpt":{"rendered":"<p>La couverture est r\u00e9alis\u00e9e sur commande et est enti\u00e8rement personnalisable.<\/p>\n<p>Vous pouvez choisir les tissus et motifs de broderie dans l\u2019onglet \u00ab Personnalisation \u00bb .<\/p>\n","protected":false},"featured_media":9695,"template":"","meta":[],"product_brand":[],"product_cat":[235,184,268,217,163,205,236,15,99,101,105,109],"product_tag":[],"class_list":{"0":"post-9684","1":"product","2":"type-product","3":"status-publish","4":"has-post-thumbnail","6":"product_cat-collections","7":"product_cat-couverture-ecole","8":"product_cat-couverture-initiale","9":"product_cat-couverture-en-balade","10":"product_cat-couverture","11":"product_cat-en-balade","12":"product_cat-initiale","13":"product_cat-tous-les-produits","14":"product_cat-chambre","15":"product_cat-ecole","16":"product_cat-occasions-speciales","17":"product_cat-naissance","18":"product_shipping_class-colis","20":"first","21":"instock","22":"shipping-taxable","23":"purchasable","24":"product-type-variable"},"exclude_global_add_ons":true,"addons":[{"name":"Couleur du tissu gaufr\u00e9","type":"multiple_choice","position":0,"required":true,"title_format":"heading","default":"","description_enable":false,"description":"","placeholder_enable":false,"placeholder":"","display":"images","restrictions_type":"any_text","adjust_price":false,"price":"","price_type":"flat_fee","restrictions":false,"min":"0","max":"0","options":[{"label":"Blanc cass\u00e9","price":"","price_type":"flat_fee","image":9980,"visibility":true},{"label":"Ecru","price":"","price_type":"flat_fee","image":9981,"visibility":true},{"label":"Sable","price":"","price_type":"flat_fee","image":9984,"visibility":true},{"label":"Marsala","price":"","price_type":"flat_fee","image":9983,"visibility":true},{"label":"Indigo","price":"","price_type":"flat_fee","image":9982,"visibility":true},{"label":"Gris","price":"","price_type":"flat_fee","image":10223,"visibility":true}],"id":1713894949},{"name":"Choix du tissu (verso)","type":"multiple_choice","position":1,"required":true,"title_format":"heading","default":"","description_enable":false,"description":"Pour la couverture doubl\u00e9e, s\u00e9lectionnez une doublure :","placeholder_enable":false,"placeholder":"","display":"select","restrictions_type":"any_text","adjust_price":false,"price":"","price_type":"flat_fee","restrictions":false,"min":"0","max":"0","options":[{"label":"Doubl\u00e9e nid d'abeille (idem recto)","price":"","price_type":"flat_fee","image":0,"visibility":true},{"label":"Doubl\u00e9e tissu doudou blanc (chaud)","price":"","price_type":"flat_fee","image":0,"visibility":true},{"label":"Doubl\u00e9e tissu doudou \u00e9cru (chaud)","price":"","price_type":"flat_fee","image":0,"visibility":true},{"label":"Doubl\u00e9e double gaze de coton blanc (l\u00e9ger)","price":"","price_type":"flat_fee","image":0,"visibility":true},{"label":"Doubl\u00e9e double gaze de coton \u00e9cru (l\u00e9ger)","price":"","price_type":"flat_fee","image":0,"visibility":true}],"id":1713894950},{"name":"Choix du motif de broderie","type":"multiple_choice","position":2,"required":true,"title_format":"heading","default":"","description_enable":false,"description":"","placeholder_enable":false,"placeholder":"","display":"select","restrictions_type":"any_text","adjust_price":false,"price":"","price_type":"flat_fee","restrictions":false,"min":"0","max":"0","options":[{"label":"Initiale fleurie seule","price":"","price_type":"flat_fee","image":0,"visibility":true},{"label":"Initiale fleurie + Pr\u00e9nom ou date","price":"","price_type":"flat_fee","image":0,"visibility":true},{"label":"Initiale fleurie + Pr\u00e9nom + date","price":"","price_type":"flat_fee","image":0,"visibility":true},{"label":"Mot fleuri enti\u00e8rement","price":"10","price_type":"quantity_based","image":0,"visibility":true},{"label":"Autre (sur demande : merci de me contacter)","price":"","price_type":"flat_fee","image":0,"visibility":true}],"id":1713894951},{"name":"Initiale","type":"custom_text","position":3,"required":false,"title_format":"heading","default":"","description_enable":false,"description":"","placeholder_enable":false,"placeholder":"","display":"select","restrictions_type":"any_text","adjust_price":false,"price":"","price_type":"flat_fee","restrictions":false,"min":"0","max":"0","options":[],"id":1713894952},{"name":"Pr\u00e9nom \/ Mot \/ Date","type":"custom_text","position":4,"required":false,"title_format":"heading","default":"","description_enable":false,"description":"","placeholder_enable":false,"placeholder":"","display":"select","restrictions_type":"any_text","adjust_price":false,"price":"","price_type":"flat_fee","restrictions":false,"min":"0","max":"0","options":[],"id":1713894953},{"name":"Police de broderie","type":"custom_text","position":5,"required":false,"title_format":"heading","default":"","description_enable":true,"description":"Vous pouvez indiquer la police d'\u00e9criture que vous souhaiteriez (cf. rubrique \"personnalisation\")","placeholder_enable":false,"placeholder":"","display":"select","restrictions_type":"any_text","adjust_price":false,"price":"","price_type":"flat_fee","restrictions":false,"min":"0","max":"0","options":[],"id":1713894954},{"name":"Couleur des fils de broderie","type":"custom_text","position":6,"required":false,"title_format":"heading","default":"","description_enable":true,"description":"Vous pouvez choisir la couleur des fils de broderie dans l\u2019onglet \u00ab Personnalisation \u00bb et indiquer votre choix :","placeholder_enable":false,"placeholder":"","display":"select","restrictions_type":"any_text","adjust_price":false,"price":"","price_type":"flat_fee","restrictions":false,"min":"0","max":"0","options":[],"id":1713894955},{"name":"Position de la broderie","type":"multiple_choice","position":7,"required":true,"title_format":"heading","default":"","description_enable":false,"description":"","placeholder_enable":false,"placeholder":"","display":"select","restrictions_type":"any_text","adjust_price":false,"price":"","price_type":"flat_fee","restrictions":false,"min":"0","max":"0","options":[{"label":"Coin inf\u00e9rieur droit","price":"","price_type":"flat_fee","image":0,"visibility":true},{"label":"En haut au centre","price":"","price_type":"flat_fee","image":0,"visibility":true}],"id":1713894956},{"name":"Pr\u00e9cisions","type":"custom_textarea","position":8,"required":false,"title_format":"heading","default":"","description_enable":true,"description":"Si vous n\u2019avez pas pu renseigner toutes les options, si vous h\u00e9sitez et avez besoin de conseils, si vous recherchez un tissu ou un motif de broderie qui ne figurent pas dans l\u2019onglet personnalisation, ou pour toute autre demande compl\u00e9mentaire, je vous invite \u00e0 noter votre demande ci-dessous.\r\nDans tous les cas, je vous contacterai pour d\u00e9finir ou finaliser les personnalisations.","placeholder_enable":false,"placeholder":"","display":"select","restrictions_type":"any_text","adjust_price":false,"price":"","price_type":"flat_fee","restrictions":false,"min":"0","max":"0","options":[],"id":1713894957}],"_links":{"self":[{"href":"https:\/\/cecile-delachaux.fr\/index.php\/wp-json\/wp\/v2\/product\/9684","targetHints":{"allow":["GET"]}}],"collection":[{"href":"https:\/\/cecile-delachaux.fr\/index.php\/wp-json\/wp\/v2\/product"}],"about":[{"href":"https:\/\/cecile-delachaux.fr\/index.php\/wp-json\/wp\/v2\/types\/product"}],"wp:featuredmedia":[{"embeddable":true,"href":"https:\/\/cecile-delachaux.fr\/index.php\/wp-json\/wp\/v2\/media\/9695"}],"wp:attachment":[{"href":"https:\/\/cecile-delachaux.fr\/index.php\/wp-json\/wp\/v2\/media?parent=9684"}],"wp:term":[{"taxonomy":"product_brand","embeddable":true,"href":"https:\/\/cecile-delachaux.fr\/index.php\/wp-json\/wp\/v2\/product_brand?post=9684"},{"taxonomy":"product_cat","embeddable":true,"href":"https:\/\/cecile-delachaux.fr\/index.php\/wp-json\/wp\/v2\/product_cat?post=9684"},{"taxonomy":"product_tag","embeddable":true,"href":"https:\/\/cecile-delachaux.fr\/index.php\/wp-json\/wp\/v2\/product_tag?post=9684"}],"curies":[{"name":"wp","href":"https:\/\/api.w.org\/{rel}","templated":true}]}}