
{"id":9744,"date":"2022-03-14T11:09:52","date_gmt":"2022-03-14T10:09:52","guid":{"rendered":"https:\/\/cecile-delachaux.fr\/?post_type=product&#038;p=9744"},"modified":"2025-06-17T12:54:17","modified_gmt":"2025-06-17T10:54:17","slug":"t-shirt-manches-longues-bebe-broderie-fleuri-a-personnaliser","status":"publish","type":"product","link":"https:\/\/cecile-delachaux.fr\/index.php\/produit\/t-shirt-manches-longues-bebe-broderie-fleuri-a-personnaliser\/","title":{"rendered":"T-shirt b\u00e9b\u00e9 manches longues broderie fleurie \u201c\u00e0 personnaliser\u201d"},"content":{"rendered":"<p>La broderie du t-shirt est enti\u00e8rement personnalisable.<\/p>\n<p>Tailles :<\/p>\n<div class=\"column-right\">\n<ul class=\"details\">\n<li>3-6 mois (68cm)<\/li>\n<li>6-12 mois (80cm)<\/li>\n<li>12-18 mois (86cm)<\/li>\n<li>18-24 mois (92cm)<\/li>\n<\/ul>\n<p>D\u00e9tails : 100% coton peign\u00e9 organique<\/p>\n<\/div>\n<p>Le d\u00e9lai de confection standard est de 30 jours. Lors de validation de votre panier, ce d\u00e9lai peut \u00eatre r\u00e9duit \u00e0 15 jours (avec un surco\u00fbt de 20%).<\/p>\n<p>Je reste \u00e0 votre disposition pour vous conseiller.<\/p>\n<p>N\u2019h\u00e9sitez pas \u00e0 me contacter directement si vous avez des questions.<\/p>\n<p>&nbsp;<\/p>\n","protected":false},"excerpt":{"rendered":"<div class=\"woocommerce-product-details__short-description\">\n<p>Le t-shirt est brod\u00e9 sur commande et est enti\u00e8rement personnalisable.<\/p>\n<\/div>\n","protected":false},"featured_media":9739,"template":"","meta":[],"product_brand":[],"product_cat":[235,236,239,244,15,101,105,112,34],"product_tag":[],"class_list":{"0":"post-9744","1":"product","2":"type-product","3":"status-publish","4":"has-post-thumbnail","6":"product_cat-collections","7":"product_cat-initiale","8":"product_cat-t-shirt","9":"product_cat-t-shirt-vetement-accessoires","10":"product_cat-tous-les-produits","11":"product_cat-ecole","12":"product_cat-occasions-speciales","13":"product_cat-anniversaire","14":"product_cat-vetement-accessoires","15":"product_shipping_class-lettre-suivie","17":"first","18":"instock","19":"shipping-taxable","20":"purchasable","21":"product-type-variable"},"exclude_global_add_ons":true,"addons":{"0":{"name":"Couleur du t-shirt","type":"multiple_choice","position":0,"required":false,"title_format":"heading","default":"","description_enable":false,"description":"","placeholder_enable":false,"placeholder":"","display":"select","restrictions_type":"any_text","adjust_price":false,"price":"","price_type":"flat_fee","restrictions":false,"min":"0","max":"0","options":[{"label":"Blanc","price":"","price_type":"flat_fee","image":0,"visibility":true},{"label":"Gris chin\u00e9","price":"","price_type":"flat_fee","image":0,"visibility":true},{"label":"Bleu marine","price":"","price_type":"flat_fee","image":0,"visibility":true}],"id":1695229335},"7":{"name":"Options de broderie","type":"multiple_choice","position":1,"required":false,"title_format":"heading","default":"","description_enable":false,"description":"","placeholder_enable":false,"placeholder":"","display":"select","restrictions_type":"any_text","adjust_price":false,"price":"","price_type":"flat_fee","restrictions":false,"min":"0","max":"0","options":[{"label":"Texte typo classique","price":"","price_type":"flat_fee","image":0,"visibility":true},{"label":"Initiale fleurie","price":"","price_type":"flat_fee","image":0,"visibility":true},{"label":"Initiale fleurie + mot\/date (\u00e0 c\u00f4t\u00e9 ou dessous)","price":"","price_type":"flat_fee","image":0,"visibility":true},{"label":"Mot fleuri","price":"10","price_type":"quantity_based","image":0,"visibility":true},{"label":"Mot fleuri + mot\/date dessous","price":"10","price_type":"quantity_based","image":0,"visibility":true}],"id":1750164858},"1":{"name":"Initiale \/ Chiffre","type":"custom_text","position":2,"required":false,"title_format":"heading","default":"","description_enable":false,"description":"","placeholder_enable":false,"placeholder":"","display":"select","restrictions_type":"any_text","adjust_price":false,"price":"","price_type":"flat_fee","restrictions":false,"min":"0","max":"0","options":[],"id":1695229336},"2":{"name":"Pr\u00e9nom \/ Mot","type":"custom_text","position":3,"required":false,"title_format":"heading","default":"","description_enable":false,"description":"","placeholder_enable":false,"placeholder":"","display":"select","restrictions_type":"any_text","adjust_price":false,"price":"","price_type":"flat_fee","restrictions":false,"min":"0","max":"0","options":[],"id":1695229337},"3":{"name":"Couleur des fils de broderie","type":"custom_text","position":4,"required":false,"title_format":"heading","default":"","description_enable":true,"description":"Indiquez les nuances de couleurs que vous souhaiteriez :","placeholder_enable":false,"placeholder":"","display":"select","restrictions_type":"any_text","adjust_price":false,"price":"","price_type":"flat_fee","restrictions":false,"min":"0","max":"0","options":[],"id":1695229338},"4":{"name":"Position de la broderie","type":"multiple_choice","position":5,"required":false,"title_format":"heading","default":"","description_enable":false,"description":"","placeholder_enable":false,"placeholder":"","display":"select","restrictions_type":"any_text","adjust_price":false,"price":"","price_type":"flat_fee","restrictions":false,"min":"0","max":"0","options":[{"label":"Poitrine (c\u00f4t\u00e9 coeur)","price":"","price_type":"flat_fee","image":0,"visibility":true},{"label":"Poitrine (milieu)","price":"","price_type":"flat_fee","image":0,"visibility":true},{"label":"Dos (cou)","price":"","price_type":"flat_fee","image":0,"visibility":true},{"label":"Dos (milieu)","price":"","price_type":"flat_fee","image":0,"visibility":true}],"id":1695229339},"5":{"name":"Broderie suppl\u00e9mentaire","type":"custom_text","position":6,"required":false,"title_format":"heading","default":"","description_enable":true,"description":"Broderie ajout\u00e9e au verso du t-shirt :\r\n- pr\u00e9nom, nom,...\r\n- Message, initiales, mots, phrase,...\r\n- Coordonn\u00e9es GPS (merci de me donner l'adresse d\u00e9sir\u00e9e)\r\n- Symbole, motif,...","placeholder_enable":false,"placeholder":"","display":"select","restrictions_type":"any_text","adjust_price":true,"price":"10","price_type":"quantity_based","restrictions":false,"min":"0","max":"0","options":[],"id":1695229340},"6":{"name":"Pr\u00e9cisions","type":"custom_textarea","position":7,"required":false,"title_format":"heading","default":"","description_enable":true,"description":"Si vous h\u00e9sitez et avez besoin de conseils, ou pour toute autre demande compl\u00e9mentaire, je vous invite \u00e0 noter votre demande ci-dessous ou \u00e0 me contacter avant votre commande.\r\nDans tous les cas, je vous contacterai pour d\u00e9finir ou finaliser les personnalisations.","placeholder_enable":false,"placeholder":"","display":"select","restrictions_type":"any_text","adjust_price":false,"price":"","price_type":"flat_fee","restrictions":false,"min":"0","max":"0","options":[],"id":1695229341}},"_links":{"self":[{"href":"https:\/\/cecile-delachaux.fr\/index.php\/wp-json\/wp\/v2\/product\/9744","targetHints":{"allow":["GET"]}}],"collection":[{"href":"https:\/\/cecile-delachaux.fr\/index.php\/wp-json\/wp\/v2\/product"}],"about":[{"href":"https:\/\/cecile-delachaux.fr\/index.php\/wp-json\/wp\/v2\/types\/product"}],"wp:featuredmedia":[{"embeddable":true,"href":"https:\/\/cecile-delachaux.fr\/index.php\/wp-json\/wp\/v2\/media\/9739"}],"wp:attachment":[{"href":"https:\/\/cecile-delachaux.fr\/index.php\/wp-json\/wp\/v2\/media?parent=9744"}],"wp:term":[{"taxonomy":"product_brand","embeddable":true,"href":"https:\/\/cecile-delachaux.fr\/index.php\/wp-json\/wp\/v2\/product_brand?post=9744"},{"taxonomy":"product_cat","embeddable":true,"href":"https:\/\/cecile-delachaux.fr\/index.php\/wp-json\/wp\/v2\/product_cat?post=9744"},{"taxonomy":"product_tag","embeddable":true,"href":"https:\/\/cecile-delachaux.fr\/index.php\/wp-json\/wp\/v2\/product_tag?post=9744"}],"curies":[{"name":"wp","href":"https:\/\/api.w.org\/{rel}","templated":true}]}}